{"id":473,"date":"2016-04-12T14:50:41","date_gmt":"2016-04-12T14:50:41","guid":{"rendered":"http:\/\/www.alexisbaskind.net\/www.dev\/?page_id=473"},"modified":"2024-08-20T07:42:35","modified_gmt":"2024-08-20T05:42:35","slug":"impressum","status":"publish","type":"page","link":"https:\/\/alexisbaskind.net\/fr\/impressum\/","title":{"rendered":"mentions l\u00e9gales"},"content":{"rendered":"<p>[et_pb_section fb_built=\u00a0\u00bb1&Prime; admin_label=\u00a0\u00bbsection\u00a0\u00bb _builder_version=\u00a0\u00bb4.16&Prime; global_colors_info=\u00a0\u00bb{}\u00a0\u00bb][et_pb_row admin_label=\u00a0\u00bbrow\u00a0\u00bb _builder_version=\u00a0\u00bb4.16&Prime; background_size=\u00a0\u00bbinitial\u00a0\u00bb background_position=\u00a0\u00bbtop_left\u00a0\u00bb background_repeat=\u00a0\u00bbrepeat\u00a0\u00bb max_width=\u00a0\u00bb1080px\u00a0\u00bb global_colors_info=\u00a0\u00bb{}\u00a0\u00bb][et_pb_column type=\u00a0\u00bb4_4&Prime; _builder_version=\u00a0\u00bb4.16&Prime; custom_padding=\u00a0\u00bb|||\u00a0\u00bb global_colors_info=\u00a0\u00bb{}\u00a0\u00bb custom_padding__hover=\u00a0\u00bb|||\u00a0\u00bb][et_pb_text _builder_version=\u00a0\u00bb4.24.2&Prime; background_size=\u00a0\u00bbinitial\u00a0\u00bb background_position=\u00a0\u00bbtop_left\u00a0\u00bb background_repeat=\u00a0\u00bbrepeat\u00a0\u00bb vertical_offset_tablet=\u00a0\u00bb0&Prime; horizontal_offset_tablet=\u00a0\u00bb0&Prime; hover_enabled=\u00a0\u00bb0&Prime; z_index_tablet=\u00a0\u00bb500&Prime; box_shadow_horizontal_tablet=\u00a0\u00bb0px\u00a0\u00bb box_shadow_vertical_tablet=\u00a0\u00bb0px\u00a0\u00bb box_shadow_blur_tablet=\u00a0\u00bb40px\u00a0\u00bb box_shadow_spread_tablet=\u00a0\u00bb0px\u00a0\u00bb global_colors_info=\u00a0\u00bb{}\u00a0\u00bb sticky_enabled=\u00a0\u00bb0&Prime;]<\/p>\n<h1>Mentions L\u00e9gales<\/h1>\n<p>&nbsp;<\/p>\n<p>Merci de lire avec attention les diff\u00e9rentes modalit\u00e9s d\u2019utilisation du pr\u00e9sent site avant d\u2019y parcourir ses pages. En vous connectant sur ce site, vous acceptez sans r\u00e9serves les pr\u00e9sentes modalit\u00e9s. Aussi, conform\u00e9ment \u00e0 l\u2019article n\u00b06 de la Loi n\u00b02004-575 du 21 Juin 2004 pour la confiance dans l\u2019\u00e9conomie num\u00e9rique, les responsables du pr\u00e9sent site internet <a href=\"http:\/\/www.alexisbaskind.net\">www.alexisbaskind.net<\/a> sont:<\/p>\n<p><span style=\"color: #000000;\"><b>Editeur du Site :<\/b><\/span><\/p>\n<p>Alexis Baskind<br \/>Site Web : <a href=\"http:\/\/www.alexisbaskind.net\">alexisbaskind.net<\/a><\/p>\n<p style=\"color: #b51a00;\"><span style=\"color: #000000;\"><b>Design<\/b><b> : <\/b><\/span><\/p>\n<p>Gr\u00e9gory Bottazzi \/ Very Private Gallery<br \/>Site Web : <a href=\"https:\/\/veryprivategallery.com\/\">https:\/\/veryprivategallery.com\/<\/a><\/p>\n<p style=\"color: #b51a00;\"><b><span style=\"color: #000000;\">H\u00e9bergement :<\/span> <\/b><\/p>\n<p>webgo GmbH<br \/>Heidenkampsweg 81<br \/>20097 Hamburg<br \/>Site Web : <a href=\"https:\/\/www.webgo.de\">https:\/\/www.webgo.de<\/a><\/p>\n<p style=\"color: #b51a00;\"><span style=\"color: #000000;\"><b>Conditions d\u2019utilisation : <\/b><\/span><\/p>\n<p>Le site accessible par les url suivants : www.alexisbaskind.net et www.alexisbaskind.com est exploit\u00e9 dans le respect de la l\u00e9gislation fran\u00e7aise. L&rsquo;utilisation de ce site est r\u00e9gie par les pr\u00e9sentes conditions g\u00e9n\u00e9rales. En utilisant le site, vous reconnaissez avoir pris connaissance de ces conditions et les avoir accept\u00e9es. Celles-ci pourront \u00eatres modifi\u00e9es \u00e0 tout moment et sans pr\u00e9avis par l&rsquo;auteur de ce site.<\/p>\n<p>L&rsquo;auteur de ce site ne saurait \u00eatre tenu pour responsable en aucune mani\u00e8re d\u2019une mauvaise utilisation du service.<\/p>\n<p>Tous les textes et extraits sonores sont prot\u00e9g\u00e9s par le droit d&rsquo;auteur. Toute reproduction ou utilisation en dehors du contexte de ce site est interdite sans la permission expresse des auteurs.<\/p>\n<p>Aucune responsabilit\u00e9 n&rsquo;est prise pour le contenu des sites tiers r\u00e9f\u00e9r\u00e9s par liens hypertextes par le pr\u00e9sent site.<\/p>\n<p>[\/et_pb_text][\/et_pb_column][\/et_pb_row][\/et_pb_section]<\/p>\n","protected":false},"excerpt":{"rendered":"<p>Mentions L\u00e9gales &nbsp; Merci de lire avec attention les diff\u00e9rentes modalit\u00e9s d\u2019utilisation du pr\u00e9sent site avant d\u2019y parcourir ses pages. En vous connectant sur ce site, vous acceptez sans r\u00e9serves les pr\u00e9sentes modalit\u00e9s. Aussi, conform\u00e9ment \u00e0 l\u2019article n\u00b06 de la Loi n\u00b02004-575 du 21 Juin 2004 pour la confiance dans l\u2019\u00e9conomie num\u00e9rique, les responsables du [&hellip;]<\/p>\n","protected":false},"author":4,"featured_media":0,"parent":0,"menu_order":0,"comment_status":"closed","ping_status":"closed","template":"","meta":{"_acf_changed":false,"_et_pb_use_builder":"on","_et_pb_old_content":"<h3>Mentions l\u00e9gales<\/h3><p>Merci de lire avec attention les diff\u00e9rentes modalit\u00e9s d\u2019utilisation du pr\u00e9sent site avant d\u2019y parcourir ses pages. En vous connectant sur ce site, vous acceptez sans r\u00e9serves les pr\u00e9sentes modalit\u00e9s. Aussi, conform\u00e9ment \u00e0 l\u2019article n\u00b06 de la Loi n\u00b02004-575 du 21 Juin 2004 pour la confiance dans l\u2019\u00e9conomie num\u00e9rique, les responsables du pr\u00e9sent site internet <a href=\"http:\/\/www.alexisbaskind.net\">www.alexisbaskind.net<\/a> sont :<\/p><p><span style=\"color: #000000;\"><b>Editeur du Site :<\/b><\/span><\/p><p>Alexis Baskind<br \/> Ruhlsdorfer Stra\u00dfe 3<br \/> 10963 Berlin (Allemagne)<br \/> T\u00e9l\u00e9phone: (+49) 1 52 36 32 21 88<br \/> Site Web : <a href=\"http:\/\/www.alexisbaskind.net\">www.alexisbaskind.net<\/a><\/p><p style=\"color: #b51a00;\"><span style=\"color: #000000;\"><b>Design<\/b><b> : <\/b><\/span><\/p><p>Gr\u00e9gory Bottazzi \/ Very Private Gallery<br \/> Site Web : <a href=\"https:\/\/veryprivategallery.com\/\">https:\/\/veryprivategallery.com\/<\/a><\/p><p style=\"color: #b51a00;\"><span style=\"color: #000000;\"><b>D\u00e9veloppement<\/b><b> : <\/b><\/span><\/p><p>Dimitar Radev \/ Bio Synthetic Designs Ltd.<br \/> Site Web : <a href=\"http:\/\/http:\/\/biosyntheticdesigns.com\/\">http:\/\/biosyntheticdesigns.com\/<\/a><\/p><p style=\"color: #b51a00;\"><b><span style=\"color: #000000;\">H\u00e9bergement :<\/span> <\/b><\/p><p>1&1 Internet SARL<br \/> 7, place de la Gare<br \/> BP 70109<br \/> 57201 Sarreguemines Cedex (France)<br \/> Site Web : <a href=\"http:\/\/https:\/\/www.1and1.fr\">https:\/\/www.1and1.fr<\/a><\/p><p style=\"color: #b51a00;\"><span style=\"color: #000000;\"><b>Conditions d\u2019utilisation : <\/b><\/span><\/p><p>Le site accessible par les url suivants : www.alexisbaskind.net et www.alexisbaskind.com est exploit\u00e9 dans le respect de la l\u00e9gislation fran\u00e7aise. L'utilisation de ce site est r\u00e9gie par les pr\u00e9sentes conditions g\u00e9n\u00e9rales. En utilisant le site, vous reconnaissez avoir pris connaissance de ces conditions et les avoir accept\u00e9es. Celles-ci pourront \u00eatres modifi\u00e9es \u00e0 tout moment et sans pr\u00e9avis par l'auteur de ce site.<\/p><p>L'auteur de ce site ne saurait \u00eatre tenu pour responsable en aucune mani\u00e8re d\u2019une mauvaise utilisation du service.<\/p><p>Tous les textes et extraits sonores sont prot\u00e9g\u00e9s par le droit d'auteur. Toute reproduction ou utilisation en dehors du contexte de ce site est interdite sans la permission expresse des auteurs.<\/p><p>Aucune responsabilit\u00e9 n'est prise pour le contenu des sites tiers r\u00e9f\u00e9r\u00e9s par liens hypertextes par le pr\u00e9sent site.<\/p>","_et_gb_content_width":"","footnotes":""},"class_list":["post-473","page","type-page","status-publish","hentry"],"acf":[],"yoast_head":"<!-- This site is optimized with the Yoast SEO plugin v27.2 - https:\/\/yoast.com\/product\/yoast-seo-wordpress\/ -->\n<title>Alexis Baskind - mentions l\u00e9gales<\/title>\n<meta name=\"description\" content=\"mentions l\u00e9gales\" \/>\n<meta name=\"robots\" content=\"index, follow, max-snippet:-1, max-image-preview:large, max-video-preview:-1\" \/>\n<link rel=\"canonical\" href=\"https:\/\/alexisbaskind.net\/fr\/impressum\/\" \/>\n<meta name=\"twitter:label1\" content=\"Dur\u00e9e de lecture estim\u00e9e\" \/>\n\t<meta name=\"twitter:data1\" content=\"1 minute\" \/>\n<script type=\"application\/ld+json\" class=\"yoast-schema-graph\">{\"@context\":\"https:\/\/schema.org\",\"@graph\":[{\"@type\":\"WebPage\",\"@id\":\"https:\/\/alexisbaskind.net\/fr\/impressum\/\",\"url\":\"https:\/\/alexisbaskind.net\/fr\/impressum\/\",\"name\":\"Alexis Baskind - mentions l\u00e9gales\",\"isPartOf\":{\"@id\":\"https:\/\/alexisbaskind.net\/fr\/#website\"},\"datePublished\":\"2016-04-12T14:50:41+00:00\",\"dateModified\":\"2024-08-20T05:42:35+00:00\",\"description\":\"mentions l\u00e9gales\",\"breadcrumb\":{\"@id\":\"https:\/\/alexisbaskind.net\/fr\/impressum\/#breadcrumb\"},\"inLanguage\":\"fr-FR\",\"potentialAction\":[{\"@type\":\"ReadAction\",\"target\":[\"https:\/\/alexisbaskind.net\/fr\/impressum\/\"]}]},{\"@type\":\"BreadcrumbList\",\"@id\":\"https:\/\/alexisbaskind.net\/fr\/impressum\/#breadcrumb\",\"itemListElement\":[{\"@type\":\"ListItem\",\"position\":1,\"name\":\"Home\",\"item\":\"https:\/\/alexisbaskind.net\/fr\/alexis-baskind-realisation-musicale-berlin\/\"},{\"@type\":\"ListItem\",\"position\":2,\"name\":\"mentions l\u00e9gales\"}]},{\"@type\":\"WebSite\",\"@id\":\"https:\/\/alexisbaskind.net\/fr\/#website\",\"url\":\"https:\/\/alexisbaskind.net\/fr\/\",\"name\":\"Alexis Baskind | Music\",\"description\":\"music &amp; production\",\"publisher\":{\"@id\":\"https:\/\/alexisbaskind.net\/fr\/#\/schema\/person\/83ed5fa9efa7954eff2c8eb9d3446b5c\"},\"potentialAction\":[{\"@type\":\"SearchAction\",\"target\":{\"@type\":\"EntryPoint\",\"urlTemplate\":\"https:\/\/alexisbaskind.net\/fr\/?s={search_term_string}\"},\"query-input\":{\"@type\":\"PropertyValueSpecification\",\"valueRequired\":true,\"valueName\":\"search_term_string\"}}],\"inLanguage\":\"fr-FR\"},{\"@type\":[\"Person\",\"Organization\"],\"@id\":\"https:\/\/alexisbaskind.net\/fr\/#\/schema\/person\/83ed5fa9efa7954eff2c8eb9d3446b5c\",\"name\":\"Alexis Baskind\",\"image\":{\"@type\":\"ImageObject\",\"inLanguage\":\"fr-FR\",\"@id\":\"https:\/\/secure.gravatar.com\/avatar\/9fd771a9aeb2ba6d67982195a2e6ad13f4c037665179a5e8e6a2b009ef6c7918?s=96&d=mm&r=g\",\"url\":\"https:\/\/secure.gravatar.com\/avatar\/9fd771a9aeb2ba6d67982195a2e6ad13f4c037665179a5e8e6a2b009ef6c7918?s=96&d=mm&r=g\",\"contentUrl\":\"https:\/\/secure.gravatar.com\/avatar\/9fd771a9aeb2ba6d67982195a2e6ad13f4c037665179a5e8e6a2b009ef6c7918?s=96&d=mm&r=g\",\"caption\":\"Alexis Baskind\"},\"logo\":{\"@id\":\"https:\/\/secure.gravatar.com\/avatar\/9fd771a9aeb2ba6d67982195a2e6ad13f4c037665179a5e8e6a2b009ef6c7918?s=96&d=mm&r=g\"},\"sameAs\":[\"https:\/\/alexisbaskind.net\"]}]}<\/script>\n<!-- \/ Yoast SEO plugin. -->","yoast_head_json":{"title":"Alexis Baskind - mentions l\u00e9gales","description":"mentions l\u00e9gales","robots":{"index":"index","follow":"follow","max-snippet":"max-snippet:-1","max-image-preview":"max-image-preview:large","max-video-preview":"max-video-preview:-1"},"canonical":"https:\/\/alexisbaskind.net\/fr\/impressum\/","twitter_misc":{"Dur\u00e9e de lecture estim\u00e9e":"1 minute"},"schema":{"@context":"https:\/\/schema.org","@graph":[{"@type":"WebPage","@id":"https:\/\/alexisbaskind.net\/fr\/impressum\/","url":"https:\/\/alexisbaskind.net\/fr\/impressum\/","name":"Alexis Baskind - mentions l\u00e9gales","isPartOf":{"@id":"https:\/\/alexisbaskind.net\/fr\/#website"},"datePublished":"2016-04-12T14:50:41+00:00","dateModified":"2024-08-20T05:42:35+00:00","description":"mentions l\u00e9gales","breadcrumb":{"@id":"https:\/\/alexisbaskind.net\/fr\/impressum\/#breadcrumb"},"inLanguage":"fr-FR","potentialAction":[{"@type":"ReadAction","target":["https:\/\/alexisbaskind.net\/fr\/impressum\/"]}]},{"@type":"BreadcrumbList","@id":"https:\/\/alexisbaskind.net\/fr\/impressum\/#breadcrumb","itemListElement":[{"@type":"ListItem","position":1,"name":"Home","item":"https:\/\/alexisbaskind.net\/fr\/alexis-baskind-realisation-musicale-berlin\/"},{"@type":"ListItem","position":2,"name":"mentions l\u00e9gales"}]},{"@type":"WebSite","@id":"https:\/\/alexisbaskind.net\/fr\/#website","url":"https:\/\/alexisbaskind.net\/fr\/","name":"Alexis Baskind | Music","description":"music &amp; production","publisher":{"@id":"https:\/\/alexisbaskind.net\/fr\/#\/schema\/person\/83ed5fa9efa7954eff2c8eb9d3446b5c"},"potentialAction":[{"@type":"SearchAction","target":{"@type":"EntryPoint","urlTemplate":"https:\/\/alexisbaskind.net\/fr\/?s={search_term_string}"},"query-input":{"@type":"PropertyValueSpecification","valueRequired":true,"valueName":"search_term_string"}}],"inLanguage":"fr-FR"},{"@type":["Person","Organization"],"@id":"https:\/\/alexisbaskind.net\/fr\/#\/schema\/person\/83ed5fa9efa7954eff2c8eb9d3446b5c","name":"Alexis Baskind","image":{"@type":"ImageObject","inLanguage":"fr-FR","@id":"https:\/\/secure.gravatar.com\/avatar\/9fd771a9aeb2ba6d67982195a2e6ad13f4c037665179a5e8e6a2b009ef6c7918?s=96&d=mm&r=g","url":"https:\/\/secure.gravatar.com\/avatar\/9fd771a9aeb2ba6d67982195a2e6ad13f4c037665179a5e8e6a2b009ef6c7918?s=96&d=mm&r=g","contentUrl":"https:\/\/secure.gravatar.com\/avatar\/9fd771a9aeb2ba6d67982195a2e6ad13f4c037665179a5e8e6a2b009ef6c7918?s=96&d=mm&r=g","caption":"Alexis Baskind"},"logo":{"@id":"https:\/\/secure.gravatar.com\/avatar\/9fd771a9aeb2ba6d67982195a2e6ad13f4c037665179a5e8e6a2b009ef6c7918?s=96&d=mm&r=g"},"sameAs":["https:\/\/alexisbaskind.net"]}]}},"_links":{"self":[{"href":"https:\/\/alexisbaskind.net\/fr\/wp-json\/wp\/v2\/pages\/473","targetHints":{"allow":["GET"]}}],"collection":[{"href":"https:\/\/alexisbaskind.net\/fr\/wp-json\/wp\/v2\/pages"}],"about":[{"href":"https:\/\/alexisbaskind.net\/fr\/wp-json\/wp\/v2\/types\/page"}],"author":[{"embeddable":true,"href":"https:\/\/alexisbaskind.net\/fr\/wp-json\/wp\/v2\/users\/4"}],"replies":[{"embeddable":true,"href":"https:\/\/alexisbaskind.net\/fr\/wp-json\/wp\/v2\/comments?post=473"}],"version-history":[{"count":0,"href":"https:\/\/alexisbaskind.net\/fr\/wp-json\/wp\/v2\/pages\/473\/revisions"}],"wp:attachment":[{"href":"https:\/\/alexisbaskind.net\/fr\/wp-json\/wp\/v2\/media?parent=473"}],"curies":[{"name":"wp","href":"https:\/\/api.w.org\/{rel}","templated":true}]}}